{"id":63,"date":"2018-01-19T16:34:27","date_gmt":"2018-01-19T16:34:27","guid":{"rendered":"http:\/\/netegeshurdaro.com\/?page_id=63"},"modified":"2026-01-26T22:48:55","modified_gmt":"2026-01-26T21:48:55","slug":"lempresa","status":"publish","type":"page","link":"https:\/\/www.netegeshurdaro.com\/es\/lempresa\/","title":{"rendered":"La Empresa"},"content":{"rendered":"<div data-elementor-type=\"wp-page\" data-elementor-id=\"63\" class=\"elementor elementor-63\" data-elementor-post-type=\"page\">\n\t\t\t\t\t\t<section class=\"elementor-section elementor-top-section elementor-element elementor-element-0f24210 elementor-section-full_width elementor-section-height-default elementor-section-height-default\" data-id=\"0f24210\" data-element_type=\"section\" data-e-type=\"section\">\n\t\t\t\t\t\t<div class=\"elementor-container elementor-column-gap-default\">\n\t\t\t\t\t<div class=\"elementor-column elementor-col-100 elementor-top-column elementor-element elementor-element-97a0fdb\" data-id=\"97a0fdb\" data-element_type=\"column\" data-e-type=\"column\">\n\t\t\t<div class=\"elementor-widget-wrap elementor-element-populated\">\n\t\t\t\t\t\t<div class=\"elementor-element elementor-element-e9449f6 elementor-widget elementor-widget-text-editor\" data-id=\"e9449f6\" data-element_type=\"widget\" data-e-type=\"widget\" data-widget_type=\"text-editor.default\">\n\t\t\t\t\t\t\t\t\t<p class=\"translation-block\"><strong>Neteges Hurdaro<\/strong> es una empresa dotada de los <strong>equipos m\u00e1s modernos y sofisticados del mercado<\/strong>, con camiones cisternas ADR, que absorben todo tipo de residuos s\u00f3lidos o l\u00edquidos, complementados con equipos de alta presi\u00f3n para proceder a la limpieza de tuber\u00edas, disoluci\u00f3n de residuos s\u00f3lidos y motores bomba precisi\u00f3n, etc.<\/p>\t\t\t\t\t\t\t\t<\/div>\n\t\t\t\t\t<\/div>\n\t\t<\/div>\n\t\t\t\t\t<\/div>\n\t\t<\/section>\n\t\t\t\t<section class=\"elementor-section elementor-top-section elementor-element elementor-element-bcfc001 elementor-section-boxed elementor-section-height-default elementor-section-height-default\" data-id=\"bcfc001\" data-element_type=\"section\" data-e-type=\"section\" data-settings=\"{&quot;background_background&quot;:&quot;classic&quot;}\">\n\t\t\t\t\t\t<div class=\"elementor-container elementor-column-gap-default\">\n\t\t\t\t\t<div class=\"elementor-column elementor-col-100 elementor-top-column elementor-element elementor-element-0ee481d\" data-id=\"0ee481d\" data-element_type=\"column\" data-e-type=\"column\">\n\t\t\t<div class=\"elementor-widget-wrap elementor-element-populated\">\n\t\t\t\t\t\t<div class=\"elementor-element elementor-element-b7fc5ea elementor-widget elementor-widget-text-editor\" data-id=\"b7fc5ea\" data-element_type=\"widget\" data-e-type=\"widget\" data-widget_type=\"text-editor.default\">\n\t\t\t\t\t\t\t\t\t<p class=\"translation-block\"><strong>Empresa autorizada<\/strong> que cumple la <strong>normativa de la Junta de residuos de Catalu\u00f1a<\/strong> con el n\u00famero de <strong>c\u00f3digo de transportista autorizado T-6474.<\/strong><\/p>\t\t\t\t\t\t\t\t<\/div>\n\t\t\t\t<div class=\"elementor-element elementor-element-5f8a788 elementor-widget elementor-widget-image\" data-id=\"5f8a788\" data-element_type=\"widget\" data-e-type=\"widget\" data-widget_type=\"image.default\">\n\t\t\t\t\t\t\t\t\t\t\t\t\t\t\t<img fetchpriority=\"high\" decoding=\"async\" width=\"760\" height=\"120\" src=\"https:\/\/www.netegeshurdaro.com\/wp-content\/uploads\/2018\/02\/Ag\u00e8ncia-catalana-de-residus.png\" class=\"attachment-full size-full wp-image-452\" alt=\"\" srcset=\"https:\/\/www.netegeshurdaro.com\/wp-content\/uploads\/2018\/02\/Ag\u00e8ncia-catalana-de-residus.png 760w, https:\/\/www.netegeshurdaro.com\/wp-content\/uploads\/2018\/02\/Ag\u00e8ncia-catalana-de-residus-300x47.png 300w\" sizes=\"(max-width: 760px) 100vw, 760px\" \/>\t\t\t\t\t\t\t\t\t\t\t\t\t\t\t<\/div>\n\t\t\t\t\t<\/div>\n\t\t<\/div>\n\t\t\t\t\t<\/div>\n\t\t<\/section>\n\t\t\t\t<section class=\"elementor-section elementor-top-section elementor-element elementor-element-d987f9a elementor-section-full_width elementor-section-height-default elementor-section-height-default\" data-id=\"d987f9a\" data-element_type=\"section\" data-e-type=\"section\">\n\t\t\t\t\t\t<div class=\"elementor-container elementor-column-gap-default\">\n\t\t\t\t\t<div class=\"elementor-column elementor-col-100 elementor-top-column elementor-element elementor-element-c1da84b\" data-id=\"c1da84b\" data-element_type=\"column\" data-e-type=\"column\">\n\t\t\t<div class=\"elementor-widget-wrap elementor-element-populated\">\n\t\t\t\t\t\t<div class=\"elementor-element elementor-element-1ab9c21 elementor-widget elementor-widget-text-editor\" data-id=\"1ab9c21\" data-element_type=\"widget\" data-e-type=\"widget\" data-widget_type=\"text-editor.default\">\n\t\t\t\t\t\t\t\t\t<p class=\"translation-block\">Naturalmente con el apoyo de un <strong>equipo humano altamente calificado y especializado<\/strong>. M\u00e1s de <strong>40 a\u00f1os de experiencia<\/strong> en el sector nos avalan.<\/p>\t\t\t\t\t\t\t\t<\/div>\n\t\t\t\t<div class=\"elementor-element elementor-element-cc06213 elementor-widget elementor-widget-heading\" data-id=\"cc06213\" data-element_type=\"widget\" data-e-type=\"widget\" data-widget_type=\"heading.default\">\n\t\t\t\t\t<h2 class=\"elementor-heading-title elementor-size-default\">Neteges Hurdaro: Oficinas centrales en Castell d'Aro<\/h2>\t\t\t\t<\/div>\n\t\t\t\t<div class=\"elementor-element elementor-element-fa5b360 elementor-widget elementor-widget-gallery\" data-id=\"fa5b360\" data-element_type=\"widget\" data-e-type=\"widget\" data-settings=\"{&quot;columns&quot;:2,&quot;gap&quot;:{&quot;unit&quot;:&quot;px&quot;,&quot;size&quot;:6,&quot;sizes&quot;:[]},&quot;gap_mobile&quot;:{&quot;unit&quot;:&quot;px&quot;,&quot;size&quot;:4,&quot;sizes&quot;:[]},&quot;lazyload&quot;:&quot;yes&quot;,&quot;gallery_layout&quot;:&quot;grid&quot;,&quot;columns_tablet&quot;:2,&quot;columns_mobile&quot;:1,&quot;gap_tablet&quot;:{&quot;unit&quot;:&quot;px&quot;,&quot;size&quot;:10,&quot;sizes&quot;:[]},&quot;link_to&quot;:&quot;file&quot;,&quot;aspect_ratio&quot;:&quot;3:2&quot;,&quot;overlay_background&quot;:&quot;yes&quot;,&quot;content_hover_animation&quot;:&quot;fade-in&quot;}\" data-widget_type=\"gallery.default\">\n\t\t\t\t\t\t\t<div class=\"elementor-gallery__container\">\n\t\t\t\t\t\t\t<a class=\"e-gallery-item elementor-gallery-item elementor-animated-content\" href=\"https:\/\/www.netegeshurdaro.com\/wp-content\/uploads\/2026\/01\/Neteges-Hurdaro-Castell-dAro-Empresa-07.jpg\" data-elementor-open-lightbox=\"yes\" data-elementor-lightbox-slideshow=\"fa5b360\" data-elementor-lightbox-title=\"Neteges Hurdaro - Castell d&#039;Aro\" data-e-action-hash=\"#elementor-action%3Aaction%3Dlightbox%26settings%3DeyJpZCI6MTUyOCwidXJsIjoiaHR0cHM6XC9cL3d3dy5uZXRlZ2VzaHVyZGFyby5jb21cL3dwLWNvbnRlbnRcL3VwbG9hZHNcLzIwMjZcLzAxXC9OZXRlZ2VzLUh1cmRhcm8tQ2FzdGVsbC1kQXJvLUVtcHJlc2EtMDcuanBnIiwic2xpZGVzaG93IjoiZmE1YjM2MCJ9\">\n\t\t\t\t\t<div class=\"e-gallery-image elementor-gallery-item__image\" data-thumbnail=\"https:\/\/www.netegeshurdaro.com\/wp-content\/uploads\/2026\/01\/Neteges-Hurdaro-Castell-dAro-Empresa-07.jpg\" data-width=\"900\" data-height=\"600\" aria-label=\"Neteges Hurdaro - Castell d&#039;Aro\" role=\"img\" ><\/div>\n\t\t\t\t\t\t\t\t\t\t\t<div class=\"elementor-gallery-item__overlay\"><\/div>\n\t\t\t\t\t\t\t\t\t\t\t\t\t\t<\/a>\n\t\t\t\t\t\t\t<a class=\"e-gallery-item elementor-gallery-item elementor-animated-content\" href=\"https:\/\/www.netegeshurdaro.com\/wp-content\/uploads\/2026\/01\/Neteges-Hurdaro-Castell-dAro-Empresa-02.jpg\" data-elementor-open-lightbox=\"yes\" data-elementor-lightbox-slideshow=\"fa5b360\" data-elementor-lightbox-title=\"Neteges Hurdaro - Castell d&#039;Aro\" data-e-action-hash=\"#elementor-action%3Aaction%3Dlightbox%26settings%3DeyJpZCI6MTUyMywidXJsIjoiaHR0cHM6XC9cL3d3dy5uZXRlZ2VzaHVyZGFyby5jb21cL3dwLWNvbnRlbnRcL3VwbG9hZHNcLzIwMjZcLzAxXC9OZXRlZ2VzLUh1cmRhcm8tQ2FzdGVsbC1kQXJvLUVtcHJlc2EtMDIuanBnIiwic2xpZGVzaG93IjoiZmE1YjM2MCJ9\">\n\t\t\t\t\t<div class=\"e-gallery-image elementor-gallery-item__image\" data-thumbnail=\"https:\/\/www.netegeshurdaro.com\/wp-content\/uploads\/2026\/01\/Neteges-Hurdaro-Castell-dAro-Empresa-02.jpg\" data-width=\"900\" data-height=\"600\" aria-label=\"Neteges Hurdaro - Castell d&#039;Aro\" role=\"img\" ><\/div>\n\t\t\t\t\t\t\t\t\t\t\t<div class=\"elementor-gallery-item__overlay\"><\/div>\n\t\t\t\t\t\t\t\t\t\t\t\t\t\t<\/a>\n\t\t\t\t\t\t\t<a class=\"e-gallery-item elementor-gallery-item elementor-animated-content\" href=\"https:\/\/www.netegeshurdaro.com\/wp-content\/uploads\/2026\/01\/Neteges-Hurdaro-Castell-dAro-Empresa-03.jpg\" data-elementor-open-lightbox=\"yes\" data-elementor-lightbox-slideshow=\"fa5b360\" data-elementor-lightbox-title=\"Neteges Hurdaro - Castell d&#039;Aro\" data-e-action-hash=\"#elementor-action%3Aaction%3Dlightbox%26settings%3DeyJpZCI6MTUyNCwidXJsIjoiaHR0cHM6XC9cL3d3dy5uZXRlZ2VzaHVyZGFyby5jb21cL3dwLWNvbnRlbnRcL3VwbG9hZHNcLzIwMjZcLzAxXC9OZXRlZ2VzLUh1cmRhcm8tQ2FzdGVsbC1kQXJvLUVtcHJlc2EtMDMuanBnIiwic2xpZGVzaG93IjoiZmE1YjM2MCJ9\">\n\t\t\t\t\t<div class=\"e-gallery-image elementor-gallery-item__image\" data-thumbnail=\"https:\/\/www.netegeshurdaro.com\/wp-content\/uploads\/2026\/01\/Neteges-Hurdaro-Castell-dAro-Empresa-03.jpg\" data-width=\"900\" data-height=\"600\" aria-label=\"Neteges Hurdaro - Castell d&#039;Aro\" role=\"img\" ><\/div>\n\t\t\t\t\t\t\t\t\t\t\t<div class=\"elementor-gallery-item__overlay\"><\/div>\n\t\t\t\t\t\t\t\t\t\t\t\t\t\t<\/a>\n\t\t\t\t\t\t\t<a class=\"e-gallery-item elementor-gallery-item elementor-animated-content\" href=\"https:\/\/www.netegeshurdaro.com\/wp-content\/uploads\/2026\/01\/Neteges-Hurdaro-Castell-dAro-Empresa-06.jpg\" data-elementor-open-lightbox=\"yes\" data-elementor-lightbox-slideshow=\"fa5b360\" data-elementor-lightbox-title=\"Neteges Hurdaro - Castell d&#039;Aro\" data-e-action-hash=\"#elementor-action%3Aaction%3Dlightbox%26settings%3DeyJpZCI6MTUyNywidXJsIjoiaHR0cHM6XC9cL3d3dy5uZXRlZ2VzaHVyZGFyby5jb21cL3dwLWNvbnRlbnRcL3VwbG9hZHNcLzIwMjZcLzAxXC9OZXRlZ2VzLUh1cmRhcm8tQ2FzdGVsbC1kQXJvLUVtcHJlc2EtMDYuanBnIiwic2xpZGVzaG93IjoiZmE1YjM2MCJ9\">\n\t\t\t\t\t<div class=\"e-gallery-image elementor-gallery-item__image\" data-thumbnail=\"https:\/\/www.netegeshurdaro.com\/wp-content\/uploads\/2026\/01\/Neteges-Hurdaro-Castell-dAro-Empresa-06.jpg\" data-width=\"900\" data-height=\"600\" aria-label=\"Neteges Hurdaro - Castell d&#039;Aro\" role=\"img\" ><\/div>\n\t\t\t\t\t\t\t\t\t\t\t<div class=\"elementor-gallery-item__overlay\"><\/div>\n\t\t\t\t\t\t\t\t\t\t\t\t\t\t<\/a>\n\t\t\t\t\t\t\t<a class=\"e-gallery-item elementor-gallery-item elementor-animated-content\" href=\"https:\/\/www.netegeshurdaro.com\/wp-content\/uploads\/2026\/01\/Neteges-Hurdaro-Castell-dAro-Empresa-08.jpg\" data-elementor-open-lightbox=\"yes\" data-elementor-lightbox-slideshow=\"fa5b360\" data-elementor-lightbox-title=\"Neteges Hurdaro - Castell d&#039;Aro\" data-e-action-hash=\"#elementor-action%3Aaction%3Dlightbox%26settings%3DeyJpZCI6MTUyOSwidXJsIjoiaHR0cHM6XC9cL3d3dy5uZXRlZ2VzaHVyZGFyby5jb21cL3dwLWNvbnRlbnRcL3VwbG9hZHNcLzIwMjZcLzAxXC9OZXRlZ2VzLUh1cmRhcm8tQ2FzdGVsbC1kQXJvLUVtcHJlc2EtMDguanBnIiwic2xpZGVzaG93IjoiZmE1YjM2MCJ9\">\n\t\t\t\t\t<div class=\"e-gallery-image elementor-gallery-item__image\" data-thumbnail=\"https:\/\/www.netegeshurdaro.com\/wp-content\/uploads\/2026\/01\/Neteges-Hurdaro-Castell-dAro-Empresa-08.jpg\" data-width=\"900\" data-height=\"600\" aria-label=\"Neteges Hurdaro - Castell d&#039;Aro\" role=\"img\" ><\/div>\n\t\t\t\t\t\t\t\t\t\t\t<div class=\"elementor-gallery-item__overlay\"><\/div>\n\t\t\t\t\t\t\t\t\t\t\t\t\t\t<\/a>\n\t\t\t\t\t\t\t<a class=\"e-gallery-item elementor-gallery-item elementor-animated-content\" href=\"https:\/\/www.netegeshurdaro.com\/wp-content\/uploads\/2026\/01\/Neteges-Hurdaro-Castell-dAro-Empresa-04.jpg\" data-elementor-open-lightbox=\"yes\" data-elementor-lightbox-slideshow=\"fa5b360\" data-elementor-lightbox-title=\"Neteges Hurdaro - Castell d&#039;Aro\" data-e-action-hash=\"#elementor-action%3Aaction%3Dlightbox%26settings%3DeyJpZCI6MTUyNSwidXJsIjoiaHR0cHM6XC9cL3d3dy5uZXRlZ2VzaHVyZGFyby5jb21cL3dwLWNvbnRlbnRcL3VwbG9hZHNcLzIwMjZcLzAxXC9OZXRlZ2VzLUh1cmRhcm8tQ2FzdGVsbC1kQXJvLUVtcHJlc2EtMDQuanBnIiwic2xpZGVzaG93IjoiZmE1YjM2MCJ9\">\n\t\t\t\t\t<div class=\"e-gallery-image elementor-gallery-item__image\" data-thumbnail=\"https:\/\/www.netegeshurdaro.com\/wp-content\/uploads\/2026\/01\/Neteges-Hurdaro-Castell-dAro-Empresa-04.jpg\" data-width=\"900\" data-height=\"600\" aria-label=\"Neteges Hurdaro - Castell d&#039;Aro\" role=\"img\" ><\/div>\n\t\t\t\t\t\t\t\t\t\t\t<div class=\"elementor-gallery-item__overlay\"><\/div>\n\t\t\t\t\t\t\t\t\t\t\t\t\t\t<\/a>\n\t\t\t\t\t\t\t<a class=\"e-gallery-item elementor-gallery-item elementor-animated-content\" href=\"https:\/\/www.netegeshurdaro.com\/wp-content\/uploads\/2026\/01\/Neteges-Hurdaro-Castell-dAro-Empresa-05.jpg\" data-elementor-open-lightbox=\"yes\" data-elementor-lightbox-slideshow=\"fa5b360\" data-elementor-lightbox-title=\"Neteges Hurdaro - Castell d&#039;Aro\" data-e-action-hash=\"#elementor-action%3Aaction%3Dlightbox%26settings%3DeyJpZCI6MTUyNiwidXJsIjoiaHR0cHM6XC9cL3d3dy5uZXRlZ2VzaHVyZGFyby5jb21cL3dwLWNvbnRlbnRcL3VwbG9hZHNcLzIwMjZcLzAxXC9OZXRlZ2VzLUh1cmRhcm8tQ2FzdGVsbC1kQXJvLUVtcHJlc2EtMDUuanBnIiwic2xpZGVzaG93IjoiZmE1YjM2MCJ9\">\n\t\t\t\t\t<div class=\"e-gallery-image elementor-gallery-item__image\" data-thumbnail=\"https:\/\/www.netegeshurdaro.com\/wp-content\/uploads\/2026\/01\/Neteges-Hurdaro-Castell-dAro-Empresa-05.jpg\" data-width=\"900\" data-height=\"600\" aria-label=\"Neteges Hurdaro - Castell d&#039;Aro\" role=\"img\" ><\/div>\n\t\t\t\t\t\t\t\t\t\t\t<div class=\"elementor-gallery-item__overlay\"><\/div>\n\t\t\t\t\t\t\t\t\t\t\t\t\t\t<\/a>\n\t\t\t\t\t\t\t<a class=\"e-gallery-item elementor-gallery-item elementor-animated-content\" href=\"https:\/\/www.netegeshurdaro.com\/wp-content\/uploads\/2026\/01\/Neteges-Hurdaro-Castell-dAro-Empresa-01.jpg\" data-elementor-open-lightbox=\"yes\" data-elementor-lightbox-slideshow=\"fa5b360\" data-elementor-lightbox-title=\"Neteges Hurdaro - Castell d&#039;Aro\" data-e-action-hash=\"#elementor-action%3Aaction%3Dlightbox%26settings%3DeyJpZCI6MTUyMiwidXJsIjoiaHR0cHM6XC9cL3d3dy5uZXRlZ2VzaHVyZGFyby5jb21cL3dwLWNvbnRlbnRcL3VwbG9hZHNcLzIwMjZcLzAxXC9OZXRlZ2VzLUh1cmRhcm8tQ2FzdGVsbC1kQXJvLUVtcHJlc2EtMDEuanBnIiwic2xpZGVzaG93IjoiZmE1YjM2MCJ9\">\n\t\t\t\t\t<div class=\"e-gallery-image elementor-gallery-item__image\" data-thumbnail=\"https:\/\/www.netegeshurdaro.com\/wp-content\/uploads\/2026\/01\/Neteges-Hurdaro-Castell-dAro-Empresa-01.jpg\" data-width=\"900\" data-height=\"600\" aria-label=\"Neteges Hurdaro - Castell d&#039;Aro\" role=\"img\" ><\/div>\n\t\t\t\t\t\t\t\t\t\t\t<div class=\"elementor-gallery-item__overlay\"><\/div>\n\t\t\t\t\t\t\t\t\t\t\t\t\t\t<\/a>\n\t\t\t\t\t<\/div>\n\t\t\t\t\t<\/div>\n\t\t\t\t\t<\/div>\n\t\t<\/div>\n\t\t\t\t\t<\/div>\n\t\t<\/section>\n\t\t\t\t<\/div>","protected":false},"excerpt":{"rendered":"<p>Neteges Hurdaro \u00e9s una empresa dotada dels equips m\u00e9s moderns i sofisticats del mercat, amb camions cisternes ADR, que absorbeixen tot tipus de residus s\u00f2lids o l\u00edquids, complementats amb equips d\u2019alta pressi\u00f3 per procedir a la neteja de canonades, dissoluci\u00f3 de residus s\u00f2lids i motors bomba per l\u2019absorci\u00f3 de fangs, motors auxiliars d\u2019alta precisi\u00f3, etc.<br \/><a class=\"moretag\" href=\"https:\/\/www.netegeshurdaro.com\/es\/lempresa\/\">+ Read More<\/a><\/p>","protected":false},"author":1,"featured_media":1425,"parent":0,"menu_order":0,"comment_status":"closed","ping_status":"closed","template":"templates\/page-leftsidebar_template.php","meta":{"footnotes":""},"class_list":["post-63","page","type-page","status-publish","has-post-thumbnail","hentry"],"_links":{"self":[{"href":"https:\/\/www.netegeshurdaro.com\/es\/wp-json\/wp\/v2\/pages\/63","targetHints":{"allow":["GET"]}}],"collection":[{"href":"https:\/\/www.netegeshurdaro.com\/es\/wp-json\/wp\/v2\/pages"}],"about":[{"href":"https:\/\/www.netegeshurdaro.com\/es\/wp-json\/wp\/v2\/types\/page"}],"author":[{"embeddable":true,"href":"https:\/\/www.netegeshurdaro.com\/es\/wp-json\/wp\/v2\/users\/1"}],"replies":[{"embeddable":true,"href":"https:\/\/www.netegeshurdaro.com\/es\/wp-json\/wp\/v2\/comments?post=63"}],"version-history":[{"count":0,"href":"https:\/\/www.netegeshurdaro.com\/es\/wp-json\/wp\/v2\/pages\/63\/revisions"}],"wp:featuredmedia":[{"embeddable":true,"href":"https:\/\/www.netegeshurdaro.com\/es\/wp-json\/wp\/v2\/media\/1425"}],"wp:attachment":[{"href":"https:\/\/www.netegeshurdaro.com\/es\/wp-json\/wp\/v2\/media?parent=63"}],"curies":[{"name":"wp","href":"https:\/\/api.w.org\/{rel}","templated":true}]}}